{"id":14956,"date":"2021-08-25T13:22:46","date_gmt":"2021-08-25T13:22:46","guid":{"rendered":"https:\/\/probazka.comit.in.rs\/?page_id=14956"},"modified":"2021-12-08T12:02:18","modified_gmt":"2021-12-08T11:02:18","slug":"organi-i-organizacija","status":"publish","type":"page","link":"https:\/\/2021.kzk.org.rs\/en\/o-nama\/organi-i-organizacija\/","title":{"rendered":"Bodies and Organization"},"content":{"rendered":"<p><span dir=\"ltr\" role=\"presentation\">Bodies of the Commission are the Council of Commission and the <\/span><span dir=\"ltr\" role=\"presentation\">President of the Commission.<\/span><\/p>\n<p><span dir=\"ltr\" role=\"presentation\">The President of the Commission and Council members shall be elected among distinguished <\/span><span dir=\"ltr\" role=\"presentation\">experts in the field of law and economics with at least ten years of relevant professional <\/span><span dir=\"ltr\" role=\"presentation\">experience, who have achieved significant and recognized work or practice in the relevant field, <\/span><span dir=\"ltr\" role=\"presentation\">particularly in the areas of protection of competition and the European Law, and who enjoy <\/span><span dir=\"ltr\" role=\"presentation\">reputation of being objective and impartial persons.<\/span><\/p>\n<p><span dir=\"ltr\" role=\"presentation\">The President of the Commission and Council members shall be elected and dismissed by the <\/span><span dir=\"ltr\" role=\"presentation\">National Assembly at the proposal of the competent committee in charge of trade. <\/span><span dir=\"ltr\" role=\"presentation\">The election of the President of the Commission, i.e. members of the Council shall be conducted <\/span><span dir=\"ltr\" role=\"presentation\">on two separate lists of candidates containing at least the same, and no more than the double <\/span><span dir=\"ltr\" role=\"presentation\">number of candidates against the number to be elected. <\/span><span dir=\"ltr\" role=\"presentation\">The President of the Commission, i.e. members of the Council shall be elected among candidates <\/span><span dir=\"ltr\" role=\"presentation\">who receive the most votes in each list, i.e. the subsequent candidate or candidates on the list for <\/span><span dir=\"ltr\" role=\"presentation\">members of the Council with appropriate expertise, until the fulfillment of conditions referred to <\/span><span dir=\"ltr\" role=\"presentation\">in Paragraph 2 of this Article. <\/span><span dir=\"ltr\" role=\"presentation\">The same person may be a candidate on both lists, and if elected from the list for President of the <\/span><span dir=\"ltr\" role=\"presentation\">Commission, the outcome of voting for the said person on other list will not be taken into <\/span><span dir=\"ltr\" role=\"presentation\">account. <\/span><span dir=\"ltr\" role=\"presentation\">The election of the bodies of the Commission shall be conducted in a public contest invited by <\/span><span dir=\"ltr\" role=\"presentation\">the National Assembly Speaker, no later than three months before the expiry of mandate of the <\/span><span dir=\"ltr\" role=\"presentation\">President of the Commission and members of the Council, or immediately upon termination or <\/span><span dir=\"ltr\" role=\"presentation\">dismissal within the meaning of Article 24 hereof.<\/span><\/p>\n<p>U Komisiji je obrazovan Kabinet Predsednika kao posebna unutra\u0161nja jedinica.<\/p>\n<p><span dir=\"ltr\" role=\"presentation\">The Technical Service of the Commission (hereinafter: the Technical Service) shall perform <\/span><span dir=\"ltr\" role=\"presentation\">professional operations within the jurisdiction of the Commission in accordance with this Law, <\/span><span dir=\"ltr\" role=\"presentation\">the Statute and other acts of the Commission.<\/span><\/p>\n<p>Van unutra\u0161njih organizacionih jedinica Stru\u010dne slu\u017ebe obavljaju se i poslovi vezani za \u010dlanove Saveta, Sekretara i poslovi interne revizije.<\/p>\n<p>Sekretar rukovodi Stru\u010dnom slu\u017ebom Komisije u kojoj se obavljaju organizacioni, kancelarijski i stru\u010dno \u2013 operativni poslovi, \u010dijim se vr\u0161enjem obezbedjuje efikasan i uskladjen rad svih unutra\u0161njih organizacionih jedinica Komisije, aministrativno-tehni\u010dki, kao i drugi poslovi od interesa za Komisiju kao celinu. Sekretara postavlja Savet ve\u0107inom glasova. Za svoj rad Sekretar odgovara Savetu.<\/p>\n<p>Za obavljanje poslova iz nadle\u017enosti Komisije za za\u0161titu konkurencije u Stru\u010dnoj slu\u017ebi obrazuju se slede\u0107e unutra\u0161nje organizacione jedinice:<\/p>\n<ol>\n<li><a href=\"https:\/\/2021.kzk.org.rs\/o-nama\/organi-i-organizacija\/strucna-sluzba\/sektor-za-ispitivanje-koncentracija\/\">Sektor za ispitivanje koncentracija;<\/a><\/li>\n<li><a href=\"https:\/\/2021.kzk.org.rs\/o-nama\/organi-i-organizacija\/strucna-sluzba\/sektor-za-utvrdjivanje-povreda-konkurencije\/\">Sektor za utvrdjivanje povreda konkurencije;<\/a><\/li>\n<li><a href=\"https:\/\/2021.kzk.org.rs\/o-nama\/organi-i-organizacija\/strucna-sluzba\/sektor-za-pravne-poslove-domacu-i-medjunarodnu-saradnju\/\">Sektor za pravne poslove, doma\u0107u i medjunarodnu saradnju;<\/a><\/li>\n<li><a href=\"https:\/\/2021.kzk.org.rs\/o-nama\/organi-i-organizacija\/strucna-sluzba\/sektor-za-ekonomske-analize\/\">Sektor za ekonomske analize;<\/a><\/li>\n<li><a href=\"https:\/\/2021.kzk.org.rs\/o-nama\/organi-i-organizacija\/strucna-sluzba\/sektor-za-materijalno-finansijske-poslove\/\">Sektor za materijalno-finansijske poslove;<\/a><\/li>\n<li><a href=\"https:\/\/2021.kzk.org.rs\/o-nama\/organi-i-organizacija\/strucna-sluzba\/sektor-za-normativno-pravne-kadrovske-i-opste-poslove\/\">Sektor za normativno-pravne, kadrovske i op\u0161te poslove.<\/a><\/li>\n<\/ol>\n<div class=\"col-12 col-md-4\">\n<div class=\"def-sidebar-wrapper\">\n<section id=\"nav_menu-34\" class=\"widget widget_nav_menu\">\n<div class=\"menu-o-nama-organi-i-organizacija-container\"><\/div>\n<\/section>\n<\/div>\n<\/div>\n<p><\/p>","protected":false},"excerpt":{"rendered":"<p>Bodies of the Commission are the Council of Commission and the President of the Commission. The President of the Commission and Council members shall be elected among distinguished experts in the field of law and economics with at least ten years of relevant professional experience, who have achieved significant and recognized work or practice in [\u2026]<\/p>\n","protected":false},"author":1,"featured_media":0,"parent":15437,"menu_order":0,"comment_status":"closed","ping_status":"closed","template":"","meta":{"_acf_changed":false,"footnotes":""},"class_list":["post-14956","page","type-page","status-publish","hentry"],"acf":[],"_links":{"self":[{"href":"https:\/\/2021.kzk.org.rs\/en\/wp-json\/wp\/v2\/pages\/14956","targetHints":{"allow":["GET"]}}],"collection":[{"href":"https:\/\/2021.kzk.org.rs\/en\/wp-json\/wp\/v2\/pages"}],"about":[{"href":"https:\/\/2021.kzk.org.rs\/en\/wp-json\/wp\/v2\/types\/page"}],"author":[{"embeddable":true,"href":"https:\/\/2021.kzk.org.rs\/en\/wp-json\/wp\/v2\/users\/1"}],"replies":[{"embeddable":true,"href":"https:\/\/2021.kzk.org.rs\/en\/wp-json\/wp\/v2\/comments?post=14956"}],"version-history":[{"count":8,"href":"https:\/\/2021.kzk.org.rs\/en\/wp-json\/wp\/v2\/pages\/14956\/revisions"}],"predecessor-version":[{"id":25296,"href":"https:\/\/2021.kzk.org.rs\/en\/wp-json\/wp\/v2\/pages\/14956\/revisions\/25296"}],"up":[{"embeddable":true,"href":"https:\/\/2021.kzk.org.rs\/en\/wp-json\/wp\/v2\/pages\/15437"}],"wp:attachment":[{"href":"https:\/\/2021.kzk.org.rs\/en\/wp-json\/wp\/v2\/media?parent=14956"}],"curies":[{"name":"wp","href":"https:\/\/api.w.org\/{rel}","templated":true}]}}